{"id":655,"date":"2021-03-03T21:30:43","date_gmt":"2021-03-03T20:30:43","guid":{"rendered":"https:\/\/crsh.be\/?post_type=product&#038;p=655"},"modified":"2025-08-05T10:19:53","modified_gmt":"2025-08-05T08:19:53","slug":"cd-souvenir-des-trompes-de-brabant","status":"publish","type":"product","link":"https:\/\/crsh.be\/index.php\/produit\/cd-souvenir-des-trompes-de-brabant\/","title":{"rendered":"CD Souvenir des trompes de Brabant"},"content":{"rendered":"<p>Le Cercle Royal Saint Hubert est heureux de vous pr\u00e9senter cette r\u00e9\u00e9dition d&#8217;un disque 33 tours publi\u00e9 en 1978 par certains sonneurs du Cercle r\u00e9unis pour l&#8217;occasion sous l&#8217;appellation trompes de Brabant.<\/p>\n<p>C&#8217;est \u00e9galement pour vous l&#8217;occasion de d\u00e9couvrir un floril\u00e8ge de fanfares belges sonn\u00e9es par d&#8217;excellentes trompes.<\/p>\n","protected":false},"excerpt":{"rendered":"<p>CD Souvenir des trompes de Brabant<\/p>\n","protected":false},"featured_media":1303,"comment_status":"open","ping_status":"closed","template":"","meta":{"_mo_disable_npp":"","spay_email":""},"product_cat":[160],"product_tag":[47],"jetpack-related-posts":[{"id":1675,"url":"https:\/\/crsh.be\/index.php\/produit\/album-souvenir-des-trompes-de-brabant-a-telecharger\/","url_meta":{"origin":655,"position":0},"title":"Album souvenir des trompes de brabant a t\u00e9l\u00e9charger","date":"3 avril 2021","format":false,"excerpt":"Version t\u00e9l\u00e9chargeable du cd souvenir des trompes de Brabant.","rel":"","context":"Article similaire","img":{"alt_text":"","src":"https:\/\/i0.wp.com\/crsh.be\/wp-content\/uploads\/2021\/03\/pochette.png?fit=635%2C642&ssl=1&resize=350%2C200","width":350,"height":200},"classes":[]},{"id":651,"url":"https:\/\/crsh.be\/index.php\/produit\/t-shirt-du-cercle\/","url_meta":{"origin":655,"position":1},"title":"T-shirt du Cercle","date":"27 f\u00e9vrier 2021","format":false,"excerpt":"T-shirt du Cercle","rel":"","context":"Article similaire","img":{"alt_text":"","src":"https:\/\/i0.wp.com\/crsh.be\/wp-content\/uploads\/2021\/02\/28d934d6-45e3-4cf3-ad27-0d02dc76270b.jpg?fit=900%2C1200&ssl=1&resize=350%2C200","width":350,"height":200},"classes":[]},{"id":1315,"url":"https:\/\/crsh.be\/index.php\/produit\/autocollant\/","url_meta":{"origin":655,"position":2},"title":"Autocollant","date":"4 mars 2021","format":false,"excerpt":"Autocollant du Cercle","rel":"","context":"Article similaire","img":{"alt_text":"","src":"https:\/\/i0.wp.com\/crsh.be\/wp-content\/uploads\/2021\/03\/Capture.png?fit=738%2C669&ssl=1&resize=350%2C200","width":350,"height":200},"classes":[]},{"id":649,"url":"https:\/\/crsh.be\/index.php\/produit\/mug-crsh\/","url_meta":{"origin":655,"position":3},"title":"Mug CRSH","date":"27 f\u00e9vrier 2021","format":false,"excerpt":"Mug orn\u00e9 du logo du Cercle","rel":"","context":"Article similaire","img":{"alt_text":"","src":"https:\/\/i0.wp.com\/crsh.be\/wp-content\/uploads\/2021\/02\/Capture-mug.png?fit=478%2C427&ssl=1&resize=350%2C200","width":350,"height":200},"classes":[]},{"id":1630,"url":"https:\/\/crsh.be\/index.php\/produit\/devenir-membre-dhonneur\/","url_meta":{"origin":655,"position":4},"title":"Devenir membre d&#8217;honneur","date":"16 mars 2021","format":false,"excerpt":"Payement en ligne de la cotisation des membres d'honneur.","rel":"","context":"Article similaire","img":{"alt_text":"","src":"https:\/\/i0.wp.com\/crsh.be\/wp-content\/uploads\/2021\/02\/cropped-IMG_20200730_175235.png?fit=788%2C616&ssl=1&resize=350%2C200","width":350,"height":200},"classes":[]},{"id":652,"url":"https:\/\/crsh.be\/index.php\/produit\/casquette\/","url_meta":{"origin":655,"position":5},"title":"Casquette","date":"4 mars 2021","format":false,"excerpt":"Casquette","rel":"","context":"Article similaire","img":{"alt_text":"","src":"https:\/\/i0.wp.com\/crsh.be\/wp-content\/uploads\/2021\/03\/4c82bfe6-3054-4212-acf3-f89838e9aad9.jpg?fit=900%2C1200&ssl=1&resize=350%2C200","width":350,"height":200},"classes":[]}],"_links":{"self":[{"href":"https:\/\/crsh.be\/index.php\/wp-json\/wp\/v2\/product\/655"}],"collection":[{"href":"https:\/\/crsh.be\/index.php\/wp-json\/wp\/v2\/product"}],"about":[{"href":"https:\/\/crsh.be\/index.php\/wp-json\/wp\/v2\/types\/product"}],"replies":[{"embeddable":true,"href":"https:\/\/crsh.be\/index.php\/wp-json\/wp\/v2\/comments?post=655"}],"wp:featuredmedia":[{"embeddable":true,"href":"https:\/\/crsh.be\/index.php\/wp-json\/wp\/v2\/media\/1303"}],"wp:attachment":[{"href":"https:\/\/crsh.be\/index.php\/wp-json\/wp\/v2\/media?parent=655"}],"wp:term":[{"taxonomy":"product_cat","embeddable":true,"href":"https:\/\/crsh.be\/index.php\/wp-json\/wp\/v2\/product_cat?post=655"},{"taxonomy":"product_tag","embeddable":true,"href":"https:\/\/crsh.be\/index.php\/wp-json\/wp\/v2\/product_tag?post=655"}],"curies":[{"name":"wp","href":"https:\/\/api.w.org\/{rel}","templated":true}]}}