{"id":1705,"date":"2021-04-03T08:10:10","date_gmt":"2021-04-03T06:10:10","guid":{"rendered":"https:\/\/crsh.be\/?post_type=product&#038;p=1705"},"modified":"2021-04-03T08:10:10","modified_gmt":"2021-04-03T06:10:10","slug":"album-souvenir-of-brabant-jachthorn-zum-herunterladen","status":"publish","type":"product","link":"https:\/\/crsh.be\/index.php\/de\/produit\/album-souvenir-of-brabant-jachthorn-zum-herunterladen\/","title":{"rendered":"Album souvenir of Brabant Jachthorn zum Herunterladen"},"content":{"rendered":"<p>Ihnen gef\u00e4llt unsere Musik, aber Sie m\u00f6chten die CD nicht bestellen? Kein Problem, es gibt sie jetzt auch als Download-Version, so dass Sie sie \u00fcberall hin mitnehmen k\u00f6nnen, auf einem USB-Stick, in Ihrem Telefon und ohne Einschr\u00e4nkung anh\u00f6ren k\u00f6nnen.<\/p>\n","protected":false},"excerpt":{"rendered":"<p>Downloadbare Version der Brabant-H\u00f6rner-Souvenir-CD.<\/p>\n","protected":false},"featured_media":1303,"comment_status":"open","ping_status":"closed","template":"","meta":{"_mo_disable_npp":"","spay_email":""},"product_cat":[162],"product_tag":[299],"jetpack-related-posts":[{"id":1304,"url":"https:\/\/crsh.be\/index.php\/de\/produit\/cd-souvenir-des-trompes-de-brabant-2\/","url_meta":{"origin":1705,"position":0},"title":"CD Souvenir des trompes de Brabant","date":"3 mars 2021","format":false,"excerpt":"CD Souvenir des trompes de Brabant","rel":"","context":"Article similaire","img":{"alt_text":"","src":"https:\/\/i0.wp.com\/crsh.be\/wp-content\/uploads\/2021\/03\/pochette.png?fit=635%2C642&ssl=1&resize=350%2C200","width":350,"height":200},"classes":[]},{"id":1591,"url":"https:\/\/crsh.be\/index.php\/de\/produit\/dienste\/","url_meta":{"origin":1705,"position":1},"title":"Dienste","date":"14 mars 2021","format":false,"excerpt":"Leistung unserer Jagdhornbl\u00e4ser.","rel":"","context":"Article similaire","img":{"alt_text":"","src":"https:\/\/i0.wp.com\/crsh.be\/wp-content\/uploads\/2020\/10\/IMG_0031-scaled.jpg?fit=1200%2C800&ssl=1&resize=350%2C200","width":350,"height":200},"classes":[]},{"id":1631,"url":"https:\/\/crsh.be\/index.php\/de\/produit\/werden-sie-ehrenmitglied\/","url_meta":{"origin":1705,"position":2},"title":"Werden Sie Ehrenmitglied","date":"16 mars 2021","format":false,"excerpt":"Online-Zahlung des Ehrenmitgliedsbeitrags.","rel":"","context":"Article similaire","img":{"alt_text":"","src":"https:\/\/i0.wp.com\/crsh.be\/wp-content\/uploads\/2021\/02\/cropped-IMG_20200730_175235.png?fit=788%2C616&ssl=1&resize=350%2C200","width":350,"height":200},"classes":[]}],"_links":{"self":[{"href":"https:\/\/crsh.be\/index.php\/wp-json\/wp\/v2\/product\/1705"}],"collection":[{"href":"https:\/\/crsh.be\/index.php\/wp-json\/wp\/v2\/product"}],"about":[{"href":"https:\/\/crsh.be\/index.php\/wp-json\/wp\/v2\/types\/product"}],"replies":[{"embeddable":true,"href":"https:\/\/crsh.be\/index.php\/wp-json\/wp\/v2\/comments?post=1705"}],"wp:featuredmedia":[{"embeddable":true,"href":"https:\/\/crsh.be\/index.php\/wp-json\/wp\/v2\/media\/1303"}],"wp:attachment":[{"href":"https:\/\/crsh.be\/index.php\/wp-json\/wp\/v2\/media?parent=1705"}],"wp:term":[{"taxonomy":"product_cat","embeddable":true,"href":"https:\/\/crsh.be\/index.php\/wp-json\/wp\/v2\/product_cat?post=1705"},{"taxonomy":"product_tag","embeddable":true,"href":"https:\/\/crsh.be\/index.php\/wp-json\/wp\/v2\/product_tag?post=1705"}],"curies":[{"name":"wp","href":"https:\/\/api.w.org\/{rel}","templated":true}]}}