{"id":1197,"date":"2021-03-02T12:55:32","date_gmt":"2021-03-02T11:55:32","guid":{"rendered":"https:\/\/crsh.be\/?post_type=product&#038;p=1197"},"modified":"2021-08-12T09:25:55","modified_gmt":"2021-08-12T07:25:55","slug":"veste-2","status":"publish","type":"product","link":"https:\/\/crsh.be\/index.php\/produit\/veste-2\/","title":{"rendered":"Veste"},"content":{"rendered":"<p>Superbe veste en Softshell avec le logo du Cercle imprim\u00e9 dans le dos et sur la poitrine.<\/p>\n<ul class=\"section\">\n<li>Surpiq\u00fbre d\u00e9corative<\/li>\n<li>Fermeture zipp\u00e9e \u00e0 l`avant<\/li>\n<li>Poches avant zipp\u00e9es<\/li>\n<li>Prot\u00e8ge-menton<\/li>\n<li>Microfleece int\u00e9rieur fournit une chaleur suppl\u00e9mentaire<\/li>\n<li>Coupe slim<\/li>\n<li>Sans \u00e9lasthanne, fils textur\u00e9s (fris\u00e9s) assurant l\u2019\u00e9lasticit\u00e9, tissu facile \u00e0 imprimer<\/li>\n<li>Poignets \u00e9lastiqu\u00e9s gans\u00e9s<\/li>\n<\/ul>\n<ul class=\"section\">\n<li>280g\/m\u00b2 2 COUCHES M\u00c9CANIQUES DE FILS COMPRENANT<\/li>\n<li>Couche ext\u00e9rieure :\u00a0Polyester 100%<\/li>\n<li>Couche int\u00e9rieure :\u00a0100% Polyester micropolaire<\/li>\n<\/ul>\n<p>&nbsp;<\/p>\n<p><img src=\"https:\/\/i0.wp.com\/img.resultclothing.net\/icons\/wash_1.jpg?ssl=1\" data-recalc-dims=\"1\" \/>60 DEGR\u00c9S<\/p>\n<p><img src=\"https:\/\/i0.wp.com\/img.resultclothing.net\/icons\/do_not_bleach.jpg?ssl=1\" data-recalc-dims=\"1\" \/>NE PAS UTILISER DE CHLORE<\/p>\n<p>NE PAS S\u00c9CHER DANS UN S\u00c8CHE-LINGE<\/p>\n<p><img src=\"https:\/\/i0.wp.com\/img.resultclothing.net\/icons\/iron_4.jpg?ssl=1\" data-recalc-dims=\"1\" \/>NE PAS REPASSER<\/p>\n<p>NETTOYAGE \u00c0 SEC<\/p>\n","protected":false},"excerpt":{"rendered":"<p>Veste Softshell<\/p>\n","protected":false},"featured_media":1721,"comment_status":"open","ping_status":"closed","template":"","meta":{"_mo_disable_npp":"","spay_email":""},"product_cat":[136],"product_tag":[],"jetpack-related-posts":[{"id":1630,"url":"https:\/\/crsh.be\/index.php\/produit\/devenir-membre-dhonneur\/","url_meta":{"origin":1197,"position":0},"title":"Devenir membre d&#8217;honneur","date":"16 mars 2021","format":false,"excerpt":"Payement en ligne de la cotisation des membres d'honneur.","rel":"","context":"Article similaire","img":{"alt_text":"","src":"https:\/\/i0.wp.com\/crsh.be\/wp-content\/uploads\/2021\/02\/cropped-IMG_20200730_175235.png?fit=788%2C616&ssl=1&resize=350%2C200","width":350,"height":200},"classes":[]},{"id":1675,"url":"https:\/\/crsh.be\/index.php\/produit\/album-souvenir-des-trompes-de-brabant-a-telecharger\/","url_meta":{"origin":1197,"position":1},"title":"Album souvenir des trompes de brabant a t\u00e9l\u00e9charger","date":"3 avril 2021","format":false,"excerpt":"Version t\u00e9l\u00e9chargeable du cd souvenir des trompes de Brabant.","rel":"","context":"Article similaire","img":{"alt_text":"","src":"https:\/\/i0.wp.com\/crsh.be\/wp-content\/uploads\/2021\/03\/pochette.png?fit=635%2C642&ssl=1&resize=350%2C200","width":350,"height":200},"classes":[]}],"_links":{"self":[{"href":"https:\/\/crsh.be\/index.php\/wp-json\/wp\/v2\/product\/1197"}],"collection":[{"href":"https:\/\/crsh.be\/index.php\/wp-json\/wp\/v2\/product"}],"about":[{"href":"https:\/\/crsh.be\/index.php\/wp-json\/wp\/v2\/types\/product"}],"replies":[{"embeddable":true,"href":"https:\/\/crsh.be\/index.php\/wp-json\/wp\/v2\/comments?post=1197"}],"wp:featuredmedia":[{"embeddable":true,"href":"https:\/\/crsh.be\/index.php\/wp-json\/wp\/v2\/media\/1721"}],"wp:attachment":[{"href":"https:\/\/crsh.be\/index.php\/wp-json\/wp\/v2\/media?parent=1197"}],"wp:term":[{"taxonomy":"product_cat","embeddable":true,"href":"https:\/\/crsh.be\/index.php\/wp-json\/wp\/v2\/product_cat?post=1197"},{"taxonomy":"product_tag","embeddable":true,"href":"https:\/\/crsh.be\/index.php\/wp-json\/wp\/v2\/product_tag?post=1197"}],"curies":[{"name":"wp","href":"https:\/\/api.w.org\/{rel}","templated":true}]}}